{"id":5212,"date":"2021-08-25T07:26:28","date_gmt":"2021-08-25T04:26:28","guid":{"rendered":"http:\/\/dummy.xtemos.com\/woodmart2\/?page_id=5212"},"modified":"2023-09-14T13:28:08","modified_gmt":"2023-09-14T10:28:08","slug":"hakkimizda","status":"publish","type":"page","link":"https:\/\/isglevhasi.com\/index.php\/hakkimizda\/","title":{"rendered":"Hakk\u0131m\u0131zda"},"content":{"rendered":"<div class=\"wpb-content-wrapper\"><p>[vc_row full_width=&#8221;stretch_row&#8221; content_placement=&#8221;middle&#8221; css=&#8221;.vc_custom_1629876973406{margin-top: -40px !important;margin-bottom: 80px !important;padding-top: 80px !important;padding-bottom: 40px !important;background-color: #f9f9f9 !important;}&#8221; mobile_bg_img_hidden=&#8221;no&#8221; tablet_bg_img_hidden=&#8221;no&#8221; woodmart_parallax=&#8221;0&#8243; woodmart_gradient_switch=&#8221;no&#8221; row_reverse_mobile=&#8221;0&#8243; row_reverse_tablet=&#8221;0&#8243; woodmart_disable_overflow=&#8221;0&#8243; wd_z_index=&#8221;no&#8221; woodmart_css_id=&#8221;6125f2d9a9f9b&#8221; responsive_spacing=&#8221;eyJwYXJhbV90eXBlIjoid29vZG1hcnRfcmVzcG9uc2l2ZV9zcGFjaW5nIiwic2VsZWN0b3JfaWQiOiI2MTI1ZjJkOWE5ZjliIiwic2hvcnRjb2RlIjoidmNfcm93IiwiZGF0YSI6eyJ0YWJsZXQiOnt9LCJtb2JpbGUiOnsibWFyZ2luLWJvdHRvbSI6IjYwIiwicGFkZGluZy10b3AiOiI2MCIsInBhZGRpbmctYm90dG9tIjoiMjAifX19&#8243;][vc_column css=&#8221;.vc_custom_1629876989711{margin-bottom: 40px !important;padding-top: 0px !important;}&#8221; mobile_bg_img_hidden=&#8221;no&#8221; tablet_bg_img_hidden=&#8221;no&#8221; woodmart_parallax=&#8221;0&#8243; woodmart_sticky_column=&#8221;false&#8221; parallax_scroll=&#8221;no&#8221; mobile_reset_margin=&#8221;no&#8221; tablet_reset_margin=&#8221;no&#8221; offset=&#8221;vc_col-lg-4 vc_col-md-4 vc_col-xs-12&#8243; wd_z_index=&#8221;no&#8221; woodmart_css_id=&#8221;6125f2fa74bd9&#8243; responsive_spacing=&#8221;eyJwYXJhbV90eXBlIjoid29vZG1hcnRfcmVzcG9uc2l2ZV9zcGFjaW5nIiwic2VsZWN0b3JfaWQiOiI2MTI1ZjJmYTc0YmQ5Iiwic2hvcnRjb2RlIjoidmNfY29sdW1uIiwiZGF0YSI6eyJ0YWJsZXQiOnt9LCJtb2JpbGUiOnt9fX0=&#8221;]\n\t\t<div id=\"wd-62793b8951824\" class=\"title-wrapper wd-wpb wd-set-mb reset-last-child  wd-rs-62793b8951824 wd-title-color-primary wd-title-style-default text-left vc_custom_1652112271580 wd-width-enabled wd-underline-colored\" style=\"--wd-max-width: 90%;\">\n\t\t\t\t\t\t\t\n\t\t\t\t<div class=\"title-subtitle  subtitle-color-primary font-default subtitle-style-default wd-font-weight-600 wd-fontsize-xs\">\u0130SG Levhas\u0131<\/div>\n\t\t\t\n\t\t\t<div class=\"liner-continer\">\n\t\t\t\t<h4 class=\"woodmart-title-container title  wd-font-weight- wd-fontsize-xxl\" >Sa\u011fl\u0131k ve G\u00fcvenlik \u0130\u015faretleri Y\u00f6netmeli\u011fine uygun standartlarda levhalar imal ediyoruz.<\/h4>\n\t\t\t\t\t\t\t<\/div>\n\t\t\t\n\t\t\t\n\t\t\t\n\t\t<\/div>\n\t\t\n\t\t[\/vc_column][vc_column width=&#8221;1\/2&#8243; css=&#8221;.vc_custom_1629876984854{margin-bottom: 40px !important;padding-top: 0px !important;}&#8221; mobile_bg_img_hidden=&#8221;no&#8221; tablet_bg_img_hidden=&#8221;no&#8221; woodmart_parallax=&#8221;0&#8243; woodmart_sticky_column=&#8221;false&#8221; parallax_scroll=&#8221;no&#8221; mobile_reset_margin=&#8221;no&#8221; tablet_reset_margin=&#8221;no&#8221; offset=&#8221;vc_col-lg-offset-1 vc_col-lg-3 vc_col-md-4&#8243; wd_z_index=&#8221;no&#8221; woodmart_css_id=&#8221;6125f2f5a2779&#8243; responsive_spacing=&#8221;eyJwYXJhbV90eXBlIjoid29vZG1hcnRfcmVzcG9uc2l2ZV9zcGFjaW5nIiwic2VsZWN0b3JfaWQiOiI2MTI1ZjJmNWEyNzc5Iiwic2hvcnRjb2RlIjoidmNfY29sdW1uIiwiZGF0YSI6eyJ0YWJsZXQiOnt9LCJtb2JpbGUiOnt9fX0=&#8221;]\t\t\t<div class=\"info-box-wrapper\">\n\t\t\t\t<div id=\"wd-62793d41824af\" class=\" wd-rs-62793d41824af wd-info-box wd-wpb text-left box-icon-align-left box-style- color-scheme- wd-bg-none wd-items-top with-btn box-btn-static vc_custom_1652112754705\">\n\t\t\t\t\t\t\t\t\t\t<div class=\"info-box-content\">\n\t\t\t\t\t\t<h4 class=\"info-box-title title box-title-style-default wd-fontsize-m\">Alan\u0131nda uzman ekip!<\/h4>\t\t\t\t\t\t<div class=\"info-box-inner reset-last-child\"><p>\u0130\u015f G\u00fcveli\u011fi Uzman\u0131, Yaz\u0131l\u0131m Uzman\u0131, Bask\u0131 Teknolojileri Uzman\u0131, Grafiker, Elektrik M\u00fchendisi, ve Elektrik \u00d6\u011fretmeni kadromuz ile y\u00fcksek standartlarda levha imalat\u0131 yapmaktay\u0131z.<\/p>\n<\/div>\n\n\t\t\t\t\t\t<div class=\"info-btn-wrapper\"><div id=\"wd-69e05f03eddaa\" class=\"  wd-button-wrapper text-left\"><a href=\"https:\/\/isglevhasi.com\/index.php\/magaza\/\" title=\"\" class=\"btn btn-color-primary btn-style-link btn-shape-rectangle btn-size-small\">\u00dcr\u00fcnlerimizi \u0130nceleyin<\/a><\/div><\/div>\t\t\t\t\t<\/div>\n\n\t\t\t\t\t\n\t\t\t\t\t\t\t\t\t<\/div>\n\t\t\t<\/div>\n\t\t[\/vc_column][vc_column width=&#8221;1\/2&#8243; css=&#8221;.vc_custom_1629876980184{margin-bottom: 40px !important;padding-top: 0px !important;}&#8221; mobile_bg_img_hidden=&#8221;no&#8221; tablet_bg_img_hidden=&#8221;no&#8221; woodmart_parallax=&#8221;0&#8243; woodmart_sticky_column=&#8221;false&#8221; parallax_scroll=&#8221;no&#8221; mobile_reset_margin=&#8221;no&#8221; tablet_reset_margin=&#8221;no&#8221; offset=&#8221;vc_col-lg-offset-1 vc_col-lg-3 vc_col-md-4&#8243; wd_z_index=&#8221;no&#8221; woodmart_css_id=&#8221;6125f2efc6c08&#8243; responsive_spacing=&#8221;eyJwYXJhbV90eXBlIjoid29vZG1hcnRfcmVzcG9uc2l2ZV9zcGFjaW5nIiwic2VsZWN0b3JfaWQiOiI2MTI1ZjJlZmM2YzA4Iiwic2hvcnRjb2RlIjoidmNfY29sdW1uIiwiZGF0YSI6eyJ0YWJsZXQiOnt9LCJtb2JpbGUiOnt9fX0=&#8221;]\t\t\t<div class=\"info-box-wrapper\">\n\t\t\t\t<div id=\"wd-62793d8deab49\" class=\" wd-rs-62793d8deab49 wd-info-box wd-wpb text-left box-icon-align-left box-style- color-scheme- wd-bg-none wd-items-top vc_custom_1652112793923\">\n\t\t\t\t\t\t\t\t\t\t<div class=\"info-box-content\">\n\t\t\t\t\t\t<h4 class=\"info-box-title title box-title-style-default wd-fontsize-m\">\u00c7e\u015fitli Malzeme ve T\u00fcrlerde Levha ve Etiketler..<\/h4>\t\t\t\t\t\t<div class=\"info-box-inner reset-last-child\"><p>Hedef kitlenize ve kullan\u0131m yerinize g\u00f6re, ayn\u0131 levhan\u0131n, farkl\u0131 ebat ve malzemelerden imal edilmesini sa\u011fl\u0131yoruz.<br \/>\nAyr\u0131ca \u00e7ok yak\u0131nda tamamen talebinize g\u00f6re \u00f6zelle\u015ftirebilece\u011finiz levha \/ sticker tasar\u0131m ve bas\u0131m hizmetimizde olacakt\u0131r.<\/p>\n<\/div>\n\n\t\t\t\t\t\t\t\t\t\t\t<\/div>\n\n\t\t\t\t\t\t\t\t\t\t\t<a class=\"wd-info-box-link wd-fill\" aria-label=\"Infobox link\" href=\"#\" title=\"\"><\/a>\n\t\t\t\t\t\n\t\t\t\t\t\t\t\t\t<\/div>\n\t\t\t<\/div>\n\t\t[\/vc_column][\/vc_row][vc_row css=&#8221;.vc_custom_1629877038080{margin-bottom: 40px !important;}&#8221; mobile_bg_img_hidden=&#8221;no&#8221; tablet_bg_img_hidden=&#8221;no&#8221; woodmart_parallax=&#8221;0&#8243; woodmart_gradient_switch=&#8221;no&#8221; row_reverse_mobile=&#8221;1&#8243; row_reverse_tablet=&#8221;1&#8243; woodmart_disable_overflow=&#8221;0&#8243; wd_z_index=&#8221;no&#8221; woodmart_css_id=&#8221;6125f32826e3d&#8221; responsive_spacing=&#8221;eyJwYXJhbV90eXBlIjoid29vZG1hcnRfcmVzcG9uc2l2ZV9zcGFjaW5nIiwic2VsZWN0b3JfaWQiOiI2MTI1ZjMyODI2ZTNkIiwic2hvcnRjb2RlIjoidmNfcm93IiwiZGF0YSI6eyJ0YWJsZXQiOnt9LCJtb2JpbGUiOnsibWFyZ2luLWJvdHRvbSI6IjIwIn19fQ==&#8221;][vc_column css=&#8221;.vc_custom_1629877010833{margin-bottom: 40px !important;padding-top: 0px !important;}&#8221; mobile_bg_img_hidden=&#8221;no&#8221; tablet_bg_img_hidden=&#8221;no&#8221; woodmart_parallax=&#8221;0&#8243; woodmart_sticky_column=&#8221;false&#8221; parallax_scroll=&#8221;no&#8221; mobile_reset_margin=&#8221;no&#8221; tablet_reset_margin=&#8221;no&#8221; offset=&#8221;vc_col-lg-6 vc_col-md-6&#8243; wd_z_index=&#8221;no&#8221; woodmart_css_id=&#8221;6125f30edad72&#8243; responsive_spacing=&#8221;eyJwYXJhbV90eXBlIjoid29vZG1hcnRfcmVzcG9uc2l2ZV9zcGFjaW5nIiwic2VsZWN0b3JfaWQiOiI2MTI1ZjMwZWRhZDcyIiwic2hvcnRjb2RlIjoidmNfY29sdW1uIiwiZGF0YSI6eyJ0YWJsZXQiOnt9LCJtb2JpbGUiOnt9fX0=&#8221;]\n\t\t<div id=\"wd-62793da66f03b\" class=\"title-wrapper wd-wpb wd-set-mb reset-last-child  wd-rs-62793da66f03b wd-title-color-primary wd-title-style-default text-left vc_custom_1652112873980 wd-underline-colored\">\n\t\t\t\t\t\t\t\n\t\t\t\t<div class=\"title-subtitle  subtitle-color-primary font-default subtitle-style-default wd-font-weight-600 wd-fontsize-xs\">KAL\u0130TEL\u0130 SA\u011eLIK ve G\u00dcVENL\u0130K LEVHALARI \/ STICKERLARI<\/div>\n\t\t\t\n\t\t\t<div class=\"liner-continer\">\n\t\t\t\t<h4 class=\"woodmart-title-container title  wd-font-weight- wd-fontsize-xxl\" >\u00dcr\u00fcn se\u00e7im deste\u011fi ile yan\u0131n\u0131zday\u0131z<\/h4>\n\t\t\t\t\t\t\t<\/div>\n\t\t\t\n\t\t\t\n\t\t\t\n\t\t<\/div>\n\t\t\n\t\t\t\t<div id=\"wd-62793df0f1b8b\" class=\"wd-text-block wd-wpb reset-last-child wd-rs-62793df0f1b8b text-left wd-width-enabled wd-fontsize-s vc_custom_1652112998624\" style=\"--wd-max-width: 90%;\">\n\t\t\t<p><em>\u0130\u015fletmeniz, at\u00f6lyeniz, fabrikan\u0131z, ofisiniz i\u00e7in sa\u011fl\u0131k ve g\u00fcvenlik levhas\u0131 se\u00e7iminizde b\u00fcnyemizde bulunan \u0130\u015f G\u00fcvenli\u011fi Uzmanlar\u0131ndan destek alabilirsiniz ve y\u00f6netmeliklere uygun olacak \u015fekilde levha \/ sticker se\u00e7imi yapabilirsiniz.<\/em><\/p>\n\t\t<\/div>\n\t\t\t\t<div id=\"wd-627940d328424\" class=\"wd-image wd-wpb wd-rs-627940d328424 text-left vc_custom_1652113635320\">\n\t\t\t\n\t\t\t<img loading=\"lazy\" decoding=\"async\" width=\"847\" height=\"500\" src=\"https:\/\/isglevhasi.com\/wp-content\/uploads\/2022\/05\/saglik-ve-guvenlik-isaretleri-847x500.webp\" class=\"attachment-847x500 size-847x500\" alt=\"\" \/>\n\t\t\t\t\t<\/div>\n\t\t[\/vc_column][vc_column css=&#8221;.vc_custom_1629877027060{margin-bottom: 40px !important;padding-top: 40px !important;}&#8221; mobile_bg_img_hidden=&#8221;no&#8221; tablet_bg_img_hidden=&#8221;no&#8221; woodmart_parallax=&#8221;0&#8243; woodmart_sticky_column=&#8221;false&#8221; parallax_scroll=&#8221;no&#8221; mobile_reset_margin=&#8221;no&#8221; tablet_reset_margin=&#8221;no&#8221; offset=&#8221;vc_col-lg-offset-1 vc_col-lg-5 vc_col-md-6 vc_col-xs-12&#8243; wd_z_index=&#8221;no&#8221; woodmart_css_id=&#8221;6125f320eb687&#8243; responsive_spacing=&#8221;eyJwYXJhbV90eXBlIjoid29vZG1hcnRfcmVzcG9uc2l2ZV9zcGFjaW5nIiwic2VsZWN0b3JfaWQiOiI2MTI1ZjMyMGViNjg3Iiwic2hvcnRjb2RlIjoidmNfY29sdW1uIiwiZGF0YSI6eyJ0YWJsZXQiOnt9LCJtb2JpbGUiOnsicGFkZGluZy10b3AiOiIwIn19fQ==&#8221;]\t\t<div id=\"wd-62793ef5e4776\" class=\"wd-text-block wd-wpb reset-last-child wd-rs-62793ef5e4776 text-left wd-fontsize-custom vc_custom_1652113414210\">\n\t\t\t<h4><strong>\u00dcr\u00fcn Yelpazemiz:<\/strong><\/h4>\n<p><strong>Dekota (Forex) Sa\u011fl\u0131k ve G\u00fcvenlik Levhalar\u0131<\/strong><\/p>\n<p>Di\u011fer levha malzeme \u00e7e\u015fitlerine g\u00f6re daha kal\u0131n (3mm) bir yap\u0131ya sahiptir. \u00c7ok hafif olu\u015fumontaj kolayl\u0131\u011f\u0131 sa\u011flar. Kaliteli \u00e7ift tarafl\u0131 bant ile de montaj uygulamas\u0131 yap\u0131labilir. D\u0131\u015f mekanlarda rahatl\u0131kla kullan\u0131labilir olu\u015fu, paslanmayan yap\u0131s\u0131, g\u00fcne\u015f ve ya\u011fmurda etkilenmeyen malzeme \u00f6zelli\u011fi tercih sebeplerindendir.<\/p>\n<p><strong>Galvaniz Sac Sa\u011fl\u0131k ve G\u00fcvenlik Levhalar\u0131<\/strong><\/p>\n<p>Paslanmalara kar\u015f\u0131 olduk\u00e7a dayan\u0131kl\u0131 ve sa\u011flam olan galvaniz sac levham\u0131z 8 y\u0131l paslanmaya kar\u015f\u0131 garantimiz alt\u0131ndad\u0131r. \u00c7arpmalara kar\u015f\u0131 olduk\u00e7a dayan\u0131kl\u0131d\u0131r.<\/p>\n<p><strong>Sticker (Etiket) Sa\u011fl\u0131k ve G\u00fcvenlik Levhalar\u0131<\/strong><\/p>\n<p>Sticker etiket levhalar genellikle d\u00fcz zemin ve cam gibi p\u00fcr\u00fczs\u00fcz y\u00fczeylerde kullanma uygun bir malzemedir. Yap\u0131\u015ft\u0131rma mukavemeti y\u00fcksek olan folyo \u00fczerine dijital bask\u0131 tekni\u011fi uygulanarak imal edilmi\u015ftir. Kendinden yap\u0131\u015fkan \u00f6zelli\u011fi sayesinde extra bir yap\u0131\u015ft\u0131r\u0131c\u0131 malzeme kullanmadan uygulanabilir.<\/p>\n\t\t<\/div>\n\t\t[vc_separator color=&#8221;custom&#8221; accent_color=&#8221;rgba(10,10,10,0.12)&#8221; css=&#8221;.vc_custom_1615616514122{margin-bottom: 20px !important;padding-top: 10px !important;}&#8221;][vc_row_inner content_placement=&#8221;middle&#8221; row_reverse_mobile=&#8221;0&#8243; row_reverse_tablet=&#8221;0&#8243;][vc_column_inner width=&#8221;1\/2&#8243; css=&#8221;.vc_custom_1617632364304{padding-top: 0px !important;}&#8221;]\t\t<div id=\"wd-6279408572328\" class=\"wd-text-block wd-wpb reset-last-child wd-rs-6279408572328 text-left vc_custom_1652113555559\">\n\t\t\t<p><a href=\"https:\/\/www.artiproses.com\/\"><strong><em>\u0130SG LEVHASI <span style=\"color: #cd1d1d;\">ARTI <\/span>PROSES @ 2022.<\/em><\/strong><\/a><\/p>\n\t\t<\/div>\n\t\t[\/vc_column_inner][vc_column_inner width=&#8221;1\/2&#8243; css=&#8221;.vc_custom_1629877310132{padding-top: 0px !important;}&#8221; offset=&#8221;vc_hidden-sm vc_hidden-xs&#8221; wd_z_index=&#8221;no&#8221; woodmart_css_id=&#8221;6125f438bf39a&#8221; responsive_spacing=&#8221;eyJwYXJhbV90eXBlIjoid29vZG1hcnRfcmVzcG9uc2l2ZV9zcGFjaW5nIiwic2VsZWN0b3JfaWQiOiI2MTI1ZjQzOGJmMzlhIiwic2hvcnRjb2RlIjoidmNfY29sdW1uX2lubmVyIiwiZGF0YSI6eyJ0YWJsZXQiOnt9LCJtb2JpbGUiOnt9fX0=&#8221;]\t\t\t<div\n\t\t\t\t\t\tclass=\" wd-rs-6279409531ce2 wd-social-icons  wd-style-colored-alt wd-size-small social-follow wd-shape-circle text-right\">\n\t\t\t\t\n\t\t\t\t\n\t\t\t\t\t\t\t\t\t<a rel=\"noopener noreferrer nofollow\" href=\"https:\/\/www.facebook.com\/SG-Levhas-100509399331073\" target=\"_blank\" class=\" wd-social-icon social-facebook\" aria-label=\"Facebook social link\">\n\t\t\t\t\t\t<span class=\"wd-icon\"><\/span>\n\t\t\t\t\t\t\t\t\t\t\t<\/a>\n\t\t\t\t\n\t\t\t\t\n\t\t\t\t\n\t\t\t\t\n\t\t\t\t\t\t\t\t\t<a rel=\"noopener noreferrer nofollow\" href=\"https:\/\/www.instagram.com\/isglevhasi\/\" target=\"_blank\" class=\" wd-social-icon social-instagram\" aria-label=\"Instagram social link\">\n\t\t\t\t\t\t<span class=\"wd-icon\"><\/span>\n\t\t\t\t\t\t\t\t\t\t\t<\/a>\n\t\t\t\t\n\t\t\t\t\n\t\t\t\t\t\t\t\t\t<a rel=\"noopener noreferrer nofollow\" href=\"https:\/\/www.youtube.com\/channel\/UC70_IFu03BvC2chIXga5LAg\" target=\"_blank\" class=\" wd-social-icon social-youtube\" aria-label=\"YouTube social link\">\n\t\t\t\t\t\t<span class=\"wd-icon\"><\/span>\n\t\t\t\t\t\t\t\t\t\t\t<\/a>\n\t\t\t\t\n\t\t\t\t\n\t\t\t\t\n\t\t\t\t\n\t\t\t\t\n\t\t\t\t\n\t\t\t\t\n\t\t\t\t\n\t\t\t\t\n\t\t\t\t\n\t\t\t\t\n\t\t\t\t\n\t\t\t\t\n\t\t\t\t\n\t\t\t\t\n\t\t\t\t\n\t\t\t\t\n\t\t\t\t\n\t\t\t\t\n\t\t\t\t\n\t\t\t<\/div>\n\n\t\t[\/vc_column_inner][\/vc_row_inner][\/vc_column][\/vc_row][vc_row css=&#8221;.vc_custom_1629877050232{margin-bottom: 60px !important;}&#8221; mobile_bg_img_hidden=&#8221;no&#8221; tablet_bg_img_hidden=&#8221;no&#8221; woodmart_parallax=&#8221;0&#8243; woodmart_gradient_switch=&#8221;no&#8221; row_reverse_mobile=&#8221;0&#8243; row_reverse_tablet=&#8221;0&#8243; woodmart_disable_overflow=&#8221;0&#8243; wd_z_index=&#8221;no&#8221; woodmart_css_id=&#8221;6125f332edbdf&#8221; responsive_spacing=&#8221;eyJwYXJhbV90eXBlIjoid29vZG1hcnRfcmVzcG9uc2l2ZV9zcGFjaW5nIiwic2VsZWN0b3JfaWQiOiI2MTI1ZjMzMmVkYmRmIiwic2hvcnRjb2RlIjoidmNfcm93IiwiZGF0YSI6eyJ0YWJsZXQiOnt9LCJtb2JpbGUiOnsibWFyZ2luLWJvdHRvbSI6IjQwIn19fQ==&#8221;][vc_column css=&#8221;.vc_custom_1615616838746{padding-top: 0px !important;}&#8221; mobile_bg_img_hidden=&#8221;no&#8221; tablet_bg_img_hidden=&#8221;no&#8221; woodmart_parallax=&#8221;0&#8243; woodmart_sticky_column=&#8221;false&#8221; parallax_scroll=&#8221;no&#8221; mobile_reset_margin=&#8221;no&#8221; tablet_reset_margin=&#8221;no&#8221;]\n\t\t<div id=\"wd-627939a24338f\" class=\"title-wrapper wd-wpb wd-set-mb reset-last-child  wd-rs-627939a24338f wd-title-color-primary wd-title-style-default text-center  wd-underline-colored\">\n\t\t\t\t\t\t\t\n\t\t\t\t<div class=\"title-subtitle  subtitle-color-primary font-default subtitle-style-default wd-font-weight-600 wd-fontsize-xs\">\u00c7al\u0131\u015fma Tak\u0131m\u0131m\u0131zla Tan\u0131\u015f\u0131n<\/div>\n\t\t\t\n\t\t\t<div class=\"liner-continer\">\n\t\t\t\t<h4 class=\"woodmart-title-container title  wd-font-weight- wd-fontsize-xxl\" >Ekibimiz<\/h4>\n\t\t\t\t\t\t\t<\/div>\n\t\t\t\n\t\t\t\t\t\t\t<div class=\"title-after_title reset-last-child  wd-fontsize-s\">Kaliteli Sa\u011fl\u0131k ve G\u00fcvenlik \u0130\u015faret Levhalar\u0131n\u0131 imal etmek ve kullan\u0131m\u0131n\u0131za sunmak i\u00e7in var g\u00fcc\u00fcm\u00fczle \u00e7al\u0131\u015f\u0131yoruz.<\/div>\n\t\t\t\n\t\t\t\n\t\t<\/div>\n\t\t\n\t\t[\/vc_column][vc_column width=&#8221;1\/2&#8243; css=&#8221;.vc_custom_1694687278856{padding-top: 0px !important;}&#8221; mobile_bg_img_hidden=&#8221;no&#8221; tablet_bg_img_hidden=&#8221;no&#8221; woodmart_parallax=&#8221;0&#8243; woodmart_sticky_column=&#8221;false&#8221; parallax_scroll=&#8221;no&#8221; mobile_reset_margin=&#8221;no&#8221; tablet_reset_margin=&#8221;no&#8221; offset=&#8221;vc_col-lg-3 vc_col-md-3 vc_col-xs-12&#8243; woodmart_css_id=&#8221;6502e0078a68a&#8221; wd_collapsible_content_switcher=&#8221;no&#8221; wd_column_role_offcanvas_desktop=&#8221;no&#8221; wd_column_role_offcanvas_tablet=&#8221;no&#8221; wd_column_role_offcanvas_mobile=&#8221;no&#8221; wd_column_role_content_desktop=&#8221;no&#8221; wd_column_role_content_tablet=&#8221;no&#8221; wd_column_role_content_mobile=&#8221;no&#8221; woodmart_box_shadow=&#8221;no&#8221; responsive_spacing=&#8221;eyJwYXJhbV90eXBlIjoid29vZG1hcnRfcmVzcG9uc2l2ZV9zcGFjaW5nIiwic2VsZWN0b3JfaWQiOiI2NTAyZTAwNzhhNjhhIiwic2hvcnRjb2RlIjoidmNfY29sdW1uIiwiZGF0YSI6eyJ0YWJsZXQiOnt9LCJtb2JpbGUiOnt9fX0=&#8221; wd_z_index=&#8221;no&#8221;]\t\t<div class=\"team-member wd-wpb wd-rs- member-layout-default text-center \">\n\t\t\t\t\t\t\t<div class=\"member-image-wrapper\">\n\t\t\t\t\t<div class=\"member-image\">\n\t\t\t\t\t\t<img loading=\"lazy\" decoding=\"async\" width=\"350\" height=\"500\" src=\"https:\/\/isglevhasi.com\/wp-content\/uploads\/2022\/05\/Eren-Parladi.webp\" class=\"team-member-avatar-image\" alt=\"\" srcset=\"https:\/\/isglevhasi.com\/wp-content\/uploads\/2022\/05\/Eren-Parladi.webp 350w, https:\/\/isglevhasi.com\/wp-content\/uploads\/2022\/05\/Eren-Parladi-210x300.webp 210w, https:\/\/isglevhasi.com\/wp-content\/uploads\/2022\/05\/Eren-Parladi-150x214.webp 150w\" sizes=\"auto, (max-width: 350px) 100vw, 350px\" \/>\t\t\t\t\t<\/div>\n\t\t\t\t<\/div>\n\t\t\t\n\t\t\t<div class=\"member-details wd-set-mb reset-last-child\">\n\t\t\t\t\t\t\t\t\t<h4 class=\"member-name\">\n\t\t\t\t\t\tEren Parlad\u0131\t\t\t\t\t<\/h4>\n\t\t\t\t\n\t\t\t\t\t\t\t\t\t<div class=\"member-position\">\n\t\t\t\t\t\tELEKTR\u0130K M\u00dcHEND\u0130S\u0130 \/ YAZILIMCI\t\t\t\t\t<\/div>\n\t\t\t\t\n\t\t\t\t\n\t\t\t\t\t\t\t<\/div>\n\t\t<\/div>\n\n\t\t[\/vc_column][vc_column width=&#8221;1\/2&#8243; css=&#8221;.vc_custom_1615815121127{padding-top: 0px !important;}&#8221; mobile_bg_img_hidden=&#8221;no&#8221; tablet_bg_img_hidden=&#8221;no&#8221; woodmart_parallax=&#8221;0&#8243; woodmart_sticky_column=&#8221;false&#8221; parallax_scroll=&#8221;no&#8221; mobile_reset_margin=&#8221;no&#8221; tablet_reset_margin=&#8221;no&#8221; offset=&#8221;vc_col-lg-3 vc_col-md-3 vc_col-xs-12&#8243;]\t\t<div class=\"team-member wd-wpb wd-rs- member-layout-default text-center \">\n\t\t\t\t\t\t\t<div class=\"member-image-wrapper\">\n\t\t\t\t\t<div class=\"member-image\">\n\t\t\t\t\t\t<img loading=\"lazy\" decoding=\"async\" width=\"350\" height=\"500\" src=\"https:\/\/isglevhasi.com\/wp-content\/uploads\/2022\/05\/Halil-Ibrahim-Ozsen.webp\" class=\"team-member-avatar-image\" alt=\"\" srcset=\"https:\/\/isglevhasi.com\/wp-content\/uploads\/2022\/05\/Halil-Ibrahim-Ozsen.webp 350w, https:\/\/isglevhasi.com\/wp-content\/uploads\/2022\/05\/Halil-Ibrahim-Ozsen-210x300.webp 210w, https:\/\/isglevhasi.com\/wp-content\/uploads\/2022\/05\/Halil-Ibrahim-Ozsen-150x214.webp 150w\" sizes=\"auto, (max-width: 350px) 100vw, 350px\" \/>\t\t\t\t\t<\/div>\n\t\t\t\t<\/div>\n\t\t\t\n\t\t\t<div class=\"member-details wd-set-mb reset-last-child\">\n\t\t\t\t\t\t\t\t\t<h4 class=\"member-name\">\n\t\t\t\t\t\tHalil \u0130brahim \u00d6z\u015fen\t\t\t\t\t<\/h4>\n\t\t\t\t\n\t\t\t\t\t\t\t\t\t<div class=\"member-position\">\n\t\t\t\t\t\t\u0130G UZMANI \/ GRAF\u0130KER\t\t\t\t\t<\/div>\n\t\t\t\t\n\t\t\t\t\n\t\t\t\t\t\t\t<\/div>\n\t\t<\/div>\n\n\t\t[\/vc_column][vc_column width=&#8221;1\/2&#8243; css=&#8221;.vc_custom_1615815133389{padding-top: 0px !important;}&#8221; mobile_bg_img_hidden=&#8221;no&#8221; tablet_bg_img_hidden=&#8221;no&#8221; woodmart_parallax=&#8221;0&#8243; woodmart_sticky_column=&#8221;false&#8221; parallax_scroll=&#8221;no&#8221; mobile_reset_margin=&#8221;no&#8221; tablet_reset_margin=&#8221;no&#8221; offset=&#8221;vc_col-lg-3 vc_col-md-3 vc_col-xs-12&#8243;]\t\t<div class=\"team-member wd-wpb wd-rs- member-layout-default text-center \">\n\t\t\t\t\t\t\t<div class=\"member-image-wrapper\">\n\t\t\t\t\t<div class=\"member-image\">\n\t\t\t\t\t\t<img loading=\"lazy\" decoding=\"async\" width=\"350\" height=\"500\" src=\"https:\/\/isglevhasi.com\/wp-content\/uploads\/2022\/05\/Hazal-Eroglu.webp\" class=\"team-member-avatar-image\" alt=\"\" srcset=\"https:\/\/isglevhasi.com\/wp-content\/uploads\/2022\/05\/Hazal-Eroglu.webp 350w, https:\/\/isglevhasi.com\/wp-content\/uploads\/2022\/05\/Hazal-Eroglu-210x300.webp 210w, https:\/\/isglevhasi.com\/wp-content\/uploads\/2022\/05\/Hazal-Eroglu-150x214.webp 150w\" sizes=\"auto, (max-width: 350px) 100vw, 350px\" \/>\t\t\t\t\t<\/div>\n\t\t\t\t<\/div>\n\t\t\t\n\t\t\t<div class=\"member-details wd-set-mb reset-last-child\">\n\t\t\t\t\t\t\t\t\t<h4 class=\"member-name\">\n\t\t\t\t\t\tHazal Ero\u011flu\t\t\t\t\t<\/h4>\n\t\t\t\t\n\t\t\t\t\t\t\t\t\t<div class=\"member-position\">\n\t\t\t\t\t\tGRAF\u0130KER \/ SOSYAL MEDYA UZMANI\t\t\t\t\t<\/div>\n\t\t\t\t\n\t\t\t\t\n\t\t\t\t\t\t\t<\/div>\n\t\t<\/div>\n\n\t\t[\/vc_column][\/vc_row]<\/p>\n<\/div>","protected":false},"excerpt":{"rendered":"<p>[vc_row full_width=&#8221;stretch_row&#8221; content_placement=&#8221;middle&#8221; css=&#8221;.vc_custom_1629876973406{margin-top: -40px !important;margin-bottom: 80px !important;padding-top: 80px !important;padding-bottom: 40px !important;background-color: #f9f9f9 !important;}&#8221; mobile_bg_img_hidden=&#8221;no&#8221; tablet_bg_img_hidden=&#8221;no&#8221; woodmart_parallax=&#8221;0&#8243; woodmart_gradient_switch=&#8221;no&#8221; row_reverse_mobile=&#8221;0&#8243; row_reverse_tablet=&#8221;0&#8243;<\/p>\n","protected":false},"author":1,"featured_media":0,"parent":0,"menu_order":0,"comment_status":"closed","ping_status":"closed","template":"","meta":{"footnotes":""},"class_list":["post-5212","page","type-page","status-publish","hentry"],"_links":{"self":[{"href":"https:\/\/isglevhasi.com\/index.php\/wp-json\/wp\/v2\/pages\/5212","targetHints":{"allow":["GET"]}}],"collection":[{"href":"https:\/\/isglevhasi.com\/index.php\/wp-json\/wp\/v2\/pages"}],"about":[{"href":"https:\/\/isglevhasi.com\/index.php\/wp-json\/wp\/v2\/types\/page"}],"author":[{"embeddable":true,"href":"https:\/\/isglevhasi.com\/index.php\/wp-json\/wp\/v2\/users\/1"}],"replies":[{"embeddable":true,"href":"https:\/\/isglevhasi.com\/index.php\/wp-json\/wp\/v2\/comments?post=5212"}],"version-history":[{"count":1,"href":"https:\/\/isglevhasi.com\/index.php\/wp-json\/wp\/v2\/pages\/5212\/revisions"}],"predecessor-version":[{"id":7681,"href":"https:\/\/isglevhasi.com\/index.php\/wp-json\/wp\/v2\/pages\/5212\/revisions\/7681"}],"wp:attachment":[{"href":"https:\/\/isglevhasi.com\/index.php\/wp-json\/wp\/v2\/media?parent=5212"}],"curies":[{"name":"wp","href":"https:\/\/api.w.org\/{rel}","templated":true}]}}