{"id":5288,"date":"2021-08-25T09:00:10","date_gmt":"2021-08-25T06:00:10","guid":{"rendered":"http:\/\/dummy.xtemos.com\/woodmart2\/?page_id=5288"},"modified":"2024-12-07T21:35:16","modified_gmt":"2024-12-07T18:35:16","slug":"iletisim","status":"publish","type":"page","link":"https:\/\/isglevhasi.com\/index.php\/iletisim\/","title":{"rendered":"\u0130leti\u015fim"},"content":{"rendered":"<div class=\"wpb-content-wrapper\"><p>[vc_row full_width=&#8221;stretch_row_content_no_spaces&#8221; css_animation=&#8221;none&#8221; css=&#8221;.vc_custom_1635871490467{margin-top: -40px !important;margin-bottom: 80px !important;}&#8221; woodmart_css_id=&#8221;61816afa77f62&#8243; responsive_spacing=&#8221;eyJwYXJhbV90eXBlIjoid29vZG1hcnRfcmVzcG9uc2l2ZV9zcGFjaW5nIiwic2VsZWN0b3JfaWQiOiI2MTgxNmFmYTc3ZjYyIiwic2hvcnRjb2RlIjoidmNfcm93IiwiZGF0YSI6eyJ0YWJsZXQiOnsibWFyZ2luLWJvdHRvbSI6IjYwIn0sIm1vYmlsZSI6e319fQ==&#8221; mobile_bg_img_hidden=&#8221;no&#8221; tablet_bg_img_hidden=&#8221;no&#8221; woodmart_parallax=&#8221;0&#8243; woodmart_gradient_switch=&#8221;no&#8221; woodmart_box_shadow=&#8221;no&#8221; wd_z_index=&#8221;no&#8221; woodmart_disable_overflow=&#8221;0&#8243; row_reverse_mobile=&#8221;0&#8243; row_reverse_tablet=&#8221;0&#8243;][vc_column]\t\t\t<div class=\"google-map-container wd-map-container   map-container-with-content wd-rs-69e05cf577c42\" style=\"height: 500px\" data-map-args='{&quot;multiple_markers&quot;:&quot;no&quot;,&quot;latitude&quot;:&quot;40.764019&quot;,&quot;longitude&quot;:&quot;29.952984&quot;,&quot;zoom&quot;:&quot;15&quot;,&quot;mouse_zoom&quot;:&quot;no&quot;,&quot;init_type&quot;:&quot;page_load&quot;,&quot;init_offset&quot;:&quot;100&quot;,&quot;elementor&quot;:false,&quot;json_style&quot;:&quot;[{\\&quot;featureType\\&quot;:\\&quot;landscape.man_made\\&quot;,\\&quot;elementType\\&quot;:\\&quot;all\\&quot;,\\&quot;stylers\\&quot;:[{\\&quot;color\\&quot;:\\&quot;#faf5ed\\&quot;},{\\&quot;lightness\\&quot;:\\&quot;0\\&quot;},{\\&quot;gamma\\&quot;:\\&quot;1\\&quot;}]},{\\&quot;featureType\\&quot;:\\&quot;poi.park\\&quot;,\\&quot;elementType\\&quot;:\\&quot;geometry.fill\\&quot;,\\&quot;stylers\\&quot;:[{\\&quot;color\\&quot;:\\&quot;#bae5a6\\&quot;}]},{\\&quot;featureType\\&quot;:\\&quot;road\\&quot;,\\&quot;elementType\\&quot;:\\&quot;all\\&quot;,\\&quot;stylers\\&quot;:[{\\&quot;weight\\&quot;:\\&quot;1.00\\&quot;},{\\&quot;gamma\\&quot;:\\&quot;1.8\\&quot;},{\\&quot;saturation\\&quot;:\\&quot;0\\&quot;}]},{\\&quot;featureType\\&quot;:\\&quot;road\\&quot;,\\&quot;elementType\\&quot;:\\&quot;geometry.fill\\&quot;,\\&quot;stylers\\&quot;:[{\\&quot;hue\\&quot;:\\&quot;#ffb200\\&quot;}]},{\\&quot;featureType\\&quot;:\\&quot;road.arterial\\&quot;,\\&quot;elementType\\&quot;:\\&quot;geometry.fill\\&quot;,\\&quot;stylers\\&quot;:[{\\&quot;lightness\\&quot;:\\&quot;0\\&quot;},{\\&quot;gamma\\&quot;:\\&quot;1\\&quot;}]},{\\&quot;featureType\\&quot;:\\&quot;transit.station.airport\\&quot;,\\&quot;elementType\\&quot;:\\&quot;all\\&quot;,\\&quot;stylers\\&quot;:[{\\&quot;hue\\&quot;:\\&quot;#b000ff\\&quot;},{\\&quot;saturation\\&quot;:\\&quot;23\\&quot;},{\\&quot;lightness\\&quot;:\\&quot;-4\\&quot;},{\\&quot;gamma\\&quot;:\\&quot;0.80\\&quot;}]},{\\&quot;featureType\\&quot;:\\&quot;water\\&quot;,\\&quot;elementType\\&quot;:\\&quot;all\\&quot;,\\&quot;stylers\\&quot;:[{\\&quot;color\\&quot;:\\&quot;#a0daf2\\&quot;}]}]&quot;,&quot;marker_icon&quot;:&quot;https:\\\/\\\/isglevhasi.com\\\/wp-content\\\/themes\\\/woodmart\\\/inc\\\/admin\\\/assets\\\/images\\\/google-icon.png&quot;,&quot;marker_icon_size&quot;:&quot;&quot;,&quot;marker_text_needed&quot;:&quot;no&quot;,&quot;marker_text&quot;:&quot;&lt;h3 style=\\&quot;min-width:300px; text-align:center; margin:15px;\\&quot;&gt;&lt;\\\/h3&gt;&quot;,&quot;selector&quot;:&quot;wd-map-id-69e05cf578321&quot;,&quot;markers&quot;:&quot;&quot;,&quot;center&quot;:&quot;&quot;}'>\n\t\t\t\t\n\t\t\t\t\n\t\t\t\t<div class=\"wd-google-map-wrapper wd-map-wrapper wd-fill\">\n\t\t\t\t\t<div id=\"wd-map-id-69e05cf578321\" class=\"wd-google-map without-content wd-fill\"><\/div>\n\t\t\t\t<\/div>\n\n\t\t\t\t\t\t\t\t\t<div class=\"wd-google-map-content-wrap wd-map-content-wrap wd-items-middle wd-justify-left\">\n\t\t\t\t\t\t<div class=\"wd-google-map-content wd-map-content reset-last-child\" style=\"max-width: 340px;\">\n\t\t\t\t\t\t\t\t\t\t<div class=\"info-box-wrapper\">\n\t\t\t\t<div id=\"wd-675495578c5bb\" class=\" wd-rs-675495578c5bb wd-info-box wd-wpb text-left box-icon-align-left box-style- color-scheme- wd-bg-none wd-items-top with-btn box-btn-static vc_custom_1733596514627\">\n\t\t\t\t\t\t\t\t\t\t<div class=\"info-box-content\">\n\t\t\t\t\t\t<div class=\"info-box-subtitle subtitle-color-default wd-fontsize-xs subtitle-style-default\">MA\u011eAZAMIZ<\/div><h4 class=\"info-box-title title box-title-style-default wd-fontsize-m\">KOCAEL\u0130'DEK\u0130 BASKI<br \/>\nTES\u0130S\u0130M\u0130ZE BEKLER\u0130Z<\/h4>\t\t\t\t\t\t<div class=\"info-box-inner reset-last-child\"><p>K\u00f6rfez Mah. Kahya Kad\u0131n Cad. O\u011fuzhan Apt. No: 10 I\u0307\u00e7 Kap\u0131 No: A I\u0307zmi\u0307t\/ KOCAEL\u0130<\/p>\n<\/div>\n\n\t\t\t\t\t\t<div class=\"info-btn-wrapper\"><div id=\"wd-69e05cf5784bd\" class=\"  wd-button-wrapper text-left\"><a href=\"https:\/\/isglevhasi.com\/index.php\/hakkimizda\/\" title=\"Hakk\u0131m\u0131zda\" class=\"btn btn-style-link btn-shape-rectangle btn-size-default\">Hakk\u0131m\u0131zda<\/a><\/div><\/div>\t\t\t\t\t<\/div>\n\n\t\t\t\t\t\n\t\t\t\t\t\t\t\t\t<\/div>\n\t\t\t<\/div>\n\t\t\t\t\t\t\t\t<\/div>\n\t\t\t\t\t<\/div>\n\t\t\t\t\t\t\t<\/div>\n\t\t[\/vc_column][\/vc_row][vc_row equal_height=&#8221;yes&#8221; css_animation=&#8221;none&#8221; css=&#8221;.vc_custom_1496926452255{margin-right: -50px !important;margin-left: -50px !important;}&#8221;][vc_column css=&#8221;.vc_custom_1496927710186{border-right-width: 1px !important;padding-top: 20px !important;padding-right: 50px !important;padding-bottom: 10px !important;padding-left: 50px !important;border-right-color: #e8e8e8 !important;border-right-style: solid !important;}&#8221; offset=&#8221;vc_col-lg-6 vc_col-md-6&#8243;]\n\t\t<div id=\"wd-62794a7541f82\" class=\"title-wrapper wd-wpb wd-set-mb reset-last-child  wd-rs-62794a7541f82 wd-title-color-default wd-title-style-default text-left  wd-underline-colored\">\n\t\t\t\t\t\t\t\n\t\t\t\t<div class=\"title-subtitle  subtitle-color-default font-default subtitle-style-default wd-font-weight- wd-fontsize-xs\">INFORMATION QUESTIONS<\/div>\n\t\t\t\n\t\t\t<div class=\"liner-continer\">\n\t\t\t\t<h4 class=\"woodmart-title-container title  wd-font-weight- wd-fontsize-l\" >SIK SORULAN SORULAR<\/h4>\n\t\t\t\t\t\t\t<\/div>\n\t\t\t\n\t\t\t\n\t\t\t\n\t\t<\/div>\n\t\t\n\t\t\n\t\t<div id=\"wd-61825698b13f0\" class=\"wd-accordion wd-wpb wd-rs-61825698b13f0  wd-style-default wd-titles-left wd-opener-pos-right wd-opener-style-arrow\" data-state=\"first\">\n\t\t\t\t\t\t\t\n\t\t\t\t\n\t\t\t\t<div class=\"wd-accordion-item\">\n\t\t\t\t\t<div class=\"wd-accordion-title wd-role-btn wd-active font-text wd-fontsize-s wd-font-weight-600\" data-accordion-index=\"0\" tabindex=\"0\">\n\t\t\t\t\t\t<div class=\"wd-accordion-title-text\">\n\t\t\t\t\t\t\t\t\t\t\t\t\t\t<span>\n\t\t\t\t\t\t\t\tEmir edici i\u015f sa\u011fl\u0131\u011f\u0131 ve g\u00fcvenli\u011fi levhalar\u0131 ne renktir?\t\t\t\t\t\t\t<\/span>\n\t\t\t\t\t\t<\/div>\n\t\t\t\t\t\t<span class=\"wd-accordion-opener\"><\/span>\n\t\t\t\t\t<\/div>\n\n\t\t\t\t\t<div class=\"wd-accordion-content wd-entry-content wd-active\" data-accordion-index=\"0\">\n\t\t\t\t\t\t\t\t\t\t\t\t\t\n<div class=\"wWOJcd\" tabindex=\"0\" role=\"button\" aria-controls=\"exacc_Zkp5Ys6fO9SJxc8PyP-VqAE4\" aria-expanded=\"true\" aria-labelledby=\"exacc_Zkp5Ys6fO9SJxc8PyP-VqAE3\">\n<div class=\"r21Kzd\" data-hveid=\"CBoQAQ\" data-ved=\"2ahUKEwjO6qb889L3AhXURPEDHch_BRUQuk56BAgaEAE\">Emredici \u0130\u015faretler: Uyulmas\u0131 zorunlu bir davran\u0131\u015f\u0131 belirleyen i\u015faretlerdir. *Daire bi\u00e7iminde \u00fcretilir. *Mavi zemin \u00fczerine beyaz piktogram (mavi k\u0131s\u0131mlar i\u015faret alan\u0131n\u0131n en az % 50&#8217;sini kapsayacakt\u0131r.)<\/div>\n<\/div>\n<div id=\"exacc_Zkp5Ys6fO9SJxc8PyP-VqAE4\" class=\"MBtdbb\" data-ved=\"2ahUKEwjO6qb889L3AhXURPEDHch_BRUQ7NUEegQIGhAD\">\n<div class=\"ymu2Hb\">\n<div id=\"_Zkp5Ys6fO9SJxc8PyP-VqAE24\" class=\"t0bRye r2fjmd\" data-hveid=\"CBoQBA\" data-ved=\"2ahUKEwjO6qb889L3AhXURPEDHch_BRUQu04oAHoECBoQBA\">\n<div id=\"WEB_ANSWERS_STANDARD_RESULT_18_Zkp5Ys6fO9SJxc8PyP-VqAE__24\">\n<div class=\"g\">\n<div data-hveid=\"CBMQAA\" data-ved=\"2ahUKEwjO6qb889L3AhXURPEDHch_BRUQFSgAegQIExAA\">\n<div class=\"tF2Cxc\"><\/div>\n<\/div>\n<\/div>\n<\/div>\n<\/div>\n<\/div>\n<\/div>\n\t\t\t\t\t\t\t\t\t\t\t<\/div>\n\t\t\t\t<\/div>\n\t\t\t\t\t\t\t\n\t\t\t\t\n\t\t\t\t<div class=\"wd-accordion-item\">\n\t\t\t\t\t<div class=\"wd-accordion-title wd-role-btn font-text wd-fontsize-s wd-font-weight-600\" data-accordion-index=\"1\" tabindex=\"0\">\n\t\t\t\t\t\t<div class=\"wd-accordion-title-text\">\n\t\t\t\t\t\t\t\t\t\t\t\t\t\t<span>\n\t\t\t\t\t\t\t\t\u0130\u015f g\u00fcvenli\u011finde zorunlu levhalar hangi renk olur?\t\t\t\t\t\t\t<\/span>\n\t\t\t\t\t\t<\/div>\n\t\t\t\t\t\t<span class=\"wd-accordion-opener\"><\/span>\n\t\t\t\t\t<\/div>\n\n\t\t\t\t\t<div class=\"wd-accordion-content wd-entry-content\" data-accordion-index=\"1\">\n\t\t\t\t\t\t\t\t\t\t\t\t\t\n<div class=\"wWOJcd\" tabindex=\"0\" role=\"button\" aria-controls=\"exacc_Zkp5Ys6fO9SJxc8PyP-VqAE2\" aria-expanded=\"true\" aria-labelledby=\"exacc_Zkp5Ys6fO9SJxc8PyP-VqAE1\">\n<div class=\"r21Kzd\" data-hveid=\"CBgQAQ\" data-ved=\"2ahUKEwjO6qb889L3AhXURPEDHch_BRUQuk56BAgYEAE\">\n<table border=\"0\" width=\"564\">\n<tbody>\n<tr>\n<td colspan=\"2\" rowspan=\"2\" align=\"left\" valign=\"top\">\n<table border=\"1\" cellspacing=\"0\" cellpadding=\"0\">\n<tbody>\n<tr>\n<td width=\"80\" height=\"29\"><strong><span style=\"color: #ff0000; font-family: Verdana;\">Renk<\/span><\/strong><\/td>\n<td width=\"229\" height=\"29\"><strong><span style=\"color: #ff0000; font-family: Verdana;\">Anlam\u0131 ve Amac\u0131<\/span><\/strong><\/td>\n<td width=\"240\" height=\"29\"><strong><span style=\"color: #ff0000; font-family: Verdana;\">Tehlikeli hareket veya davran\u0131\u015f<\/span><\/strong><\/td>\n<\/tr>\n<tr>\n<td rowspan=\"3\" width=\"80\"><span style=\"font-family: Verdana;\">\u00a0<b><span style=\"color: #ff0000;\">K\u0131rm\u0131z\u0131<\/span><\/b><\/span><\/td>\n<td width=\"229\" height=\"12\"><span style=\"font-family: Verdana;\">Yasak \u0130\u015fareti<\/span><\/td>\n<td width=\"240\" height=\"27\"><span style=\"font-family: Verdana;\">Tehlikeli hareket veya davran\u0131\u015f<\/span><\/td>\n<\/tr>\n<tr>\n<td width=\"229\" height=\"11\"><span style=\"font-family: Verdana;\">Tehlike alarm\u0131<\/span><\/td>\n<td width=\"240\" height=\"27\"><span style=\"font-family: Verdana;\">Dur, kapat, d\u00fczne\u011fi acil durdur, tahliye et<\/span><\/td>\n<\/tr>\n<tr>\n<td width=\"229\" height=\"14\"><span style=\"font-family: Verdana;\">Yang\u0131nla m\u00fccadele ekipman\u0131<\/span><\/td>\n<td width=\"240\" height=\"27\"><span style=\"font-family: Verdana;\">Ekipmanlar\u0131n yerinin g\u00f6sterilmesi ve ne oldu\u011fu<\/span><\/td>\n<\/tr>\n<tr>\n<td width=\"80\"><b><span style=\"font-family: Verdana;\">\u00a0<span style=\"color: #efc631;\">Sar\u0131<\/span><\/span><\/b><\/td>\n<td width=\"229\"><span style=\"font-family: Verdana;\">Uyar\u0131 i\u015fareti<\/span><\/td>\n<td width=\"240\"><span style=\"font-family: Verdana;\">Dikkatli ol, \u00f6nlem al, kontrol et<\/span><\/td>\n<\/tr>\n<tr>\n<td width=\"80\"><span style=\"font-family: Verdana;\">\u00a0<b><span style=\"color: #0000ff;\">Mavi (1)<\/span><\/b><\/span><\/td>\n<td width=\"229\"><span style=\"font-family: Verdana;\">Zorunluluk i\u015fareti<\/span><\/td>\n<td width=\"240\"><span style=\"font-family: Verdana;\">\u00d6zel bir davran\u0131\u015f ya da eylem Ki\u015fisel koruyucu donan\u0131m kullan<\/span><\/td>\n<\/tr>\n<tr>\n<td rowspan=\"2\" width=\"80\"><span style=\"font-family: Verdana;\">\u00a0<b><span style=\"color: #397b21;\">Ye\u015fil<\/span><\/b><\/span><\/td>\n<td width=\"229\" height=\"9\"><span style=\"font-family: Verdana;\">Acil ka\u00e7\u0131\u015f, ilk yard\u0131m i\u015fareti<\/span><\/td>\n<td width=\"240\" height=\"27\"><span style=\"font-family: Verdana;\">Kap\u0131lar, \u00e7\u0131k\u0131\u015f yerleri ve yollar\u0131, ekipman, tesisler<\/span><\/td>\n<\/tr>\n<tr>\n<td width=\"229\" height=\"16\"><span style=\"font-family: Verdana;\">Tehlike yok<\/span><\/td>\n<td width=\"240\" height=\"27\"><span style=\"font-family: Verdana;\">Normale d\u00f6n<\/span><\/td>\n<\/tr>\n<tr>\n<td width=\"80\"><span style=\"font-family: Verdana;\">\u00a0<b><span style=\"color: #0000ff;\">(1) Mavi:<\/span><\/b><\/span><\/p>\n<p><b><span style=\"color: #ff9c00; font-family: Verdana;\">\u00a0(2) Fluoresan turuncu:<\/span><\/b><\/td>\n<td colspan=\"2\"><span style=\"font-family: Verdana;\">Sadece dairevi bir \u015fekil i\u00e7inde kullan\u0131ld\u0131\u011f\u0131nda emniyet rengi olarak kabul edilir.<\/span><\/p>\n<p><span style=\"font-family: Verdana;\">Emniyet i\u015faretleri d\u0131\u015f\u0131nda sar\u0131 yerine kullan\u0131labilir.<\/span><\/p>\n<p><span style=\"font-family: Verdana;\">\u00d6zellikle zay\u0131f do\u011fal g\u00f6r\u00fc\u015f \u015fartlar\u0131nda bu renk \u00e7ok dikkat \u00e7ekicidi<\/span><span style=\"font-family: Verdana;\">r.<\/span><\/td>\n<\/tr>\n<\/tbody>\n<\/table>\n<\/td>\n<\/tr>\n<\/tbody>\n<\/table>\n<\/div>\n<\/div>\n\t\t\t\t\t\t\t\t\t\t\t<\/div>\n\t\t\t\t<\/div>\n\t\t\t\t\t\t\t\n\t\t\t\t\n\t\t\t\t<div class=\"wd-accordion-item\">\n\t\t\t\t\t<div class=\"wd-accordion-title wd-role-btn font-text wd-fontsize-s wd-font-weight-600\" data-accordion-index=\"2\" tabindex=\"0\">\n\t\t\t\t\t\t<div class=\"wd-accordion-title-text\">\n\t\t\t\t\t\t\t\t\t\t\t\t\t\t<span>\n\t\t\t\t\t\t\t\t\u0130\u015f g\u00fcvenli\u011finde kullan\u0131lmas\u0131 gereken i\u015faretler nelerdir?\t\t\t\t\t\t\t<\/span>\n\t\t\t\t\t\t<\/div>\n\t\t\t\t\t\t<span class=\"wd-accordion-opener\"><\/span>\n\t\t\t\t\t<\/div>\n\n\t\t\t\t\t<div class=\"wd-accordion-content wd-entry-content\" data-accordion-index=\"2\">\n\t\t\t\t\t\t\t\t\t\t\t\t\t\n<ul class=\"i8Z77e\">\n<li class=\"TrT0Xe\">K\u0131rm\u0131z\u0131 renkli\u00a0<b>i\u015faretler<\/b>\u00a0Yasak\/tehlike alarm\u0131 ve yang\u0131nla m\u00fccadele i\u00e7in kullan\u0131l\u0131r. Dur, kapat, tahliye et gibi.<\/li>\n<li class=\"TrT0Xe\">Sar\u0131 renkli\u00a0<b>i\u015faretler<\/b>\u00a0Uyar\u0131 i\u015faretleridir. Dikkatli ol, \u00f6nlem al, kontrol et gibi.<\/li>\n<li class=\"TrT0Xe\">Mavi renkli\u00a0<b>i\u015faretler<\/b>\u00a0Zorunluluk i\u015faretidir. &#8230;<\/li>\n<li class=\"TrT0Xe\">Ye\u015fil renkli\u00a0<b>i\u015faretler<\/b>\u00a0Acil \u00e7\u0131k\u0131\u015f ve ilkyard\u0131m i\u015faretleridir.<\/li>\n<\/ul>\n\t\t\t\t\t\t\t\t\t\t\t<\/div>\n\t\t\t\t<\/div>\n\t\t\t\t\t\t\t\n\t\t\t\t\n\t\t\t\t<div class=\"wd-accordion-item\">\n\t\t\t\t\t<div class=\"wd-accordion-title wd-role-btn font-text wd-fontsize-s wd-font-weight-600\" data-accordion-index=\"3\" tabindex=\"0\">\n\t\t\t\t\t\t<div class=\"wd-accordion-title-text\">\n\t\t\t\t\t\t\t\t\t\t\t\t\t\t<span>\n\t\t\t\t\t\t\t\tSa\u011fl\u0131k ve G\u00fcvenlik levhalar\u0131n\u0131n kullan\u0131m ko\u015fullar\u0131 nelerdir?\t\t\t\t\t\t\t<\/span>\n\t\t\t\t\t\t<\/div>\n\t\t\t\t\t\t<span class=\"wd-accordion-opener\"><\/span>\n\t\t\t\t\t<\/div>\n\n\t\t\t\t\t<div class=\"wd-accordion-content wd-entry-content\" data-accordion-index=\"3\">\n\t\t\t\t\t\t\t\t\t\t\t\t\t<p><b>\u0130\u015faret levhalar\u0131<\/b>\u00a0\u00f6zel bir tehlike olan yerlerin ve tehlikeli cisimlerin hemen yak\u0131n\u0131na, genel tehlike olan yerlerin giri\u015fine, engeller dikkate al\u0131narak, g\u00f6r\u00fc\u015f seviyesine uygun y\u00fckseklik ve konumda, iyi ayd\u0131nlat\u0131lm\u0131\u015f, eri\u015fimi kolay ve g\u00f6r\u00fcn\u00fcr bir \u015fekilde yerle\u015ftirilecektir.<\/p>\n\t\t\t\t\t\t\t\t\t\t\t<\/div>\n\t\t\t\t<\/div>\n\t\t\t\t\t\t\t\n\t\t\t\t\n\t\t\t\t<div class=\"wd-accordion-item\">\n\t\t\t\t\t<div class=\"wd-accordion-title wd-role-btn font-text wd-fontsize-s wd-font-weight-600\" data-accordion-index=\"4\" tabindex=\"0\">\n\t\t\t\t\t\t<div class=\"wd-accordion-title-text\">\n\t\t\t\t\t\t\t\t\t\t\t\t\t\t<span>\n\t\t\t\t\t\t\t\tUyar\u0131 levhalar\u0131 nas\u0131l olmal\u0131?\t\t\t\t\t\t\t<\/span>\n\t\t\t\t\t\t<\/div>\n\t\t\t\t\t\t<span class=\"wd-accordion-opener\"><\/span>\n\t\t\t\t\t<\/div>\n\n\t\t\t\t\t<div class=\"wd-accordion-content wd-entry-content\" data-accordion-index=\"4\">\n\t\t\t\t\t\t\t\t\t\t\t\t\t<p>\u0130\u015f g\u00fcvenli\u011fi\u00a0<b>levhalar\u0131<\/b>\u00a0ger\u00e7ek anlamda bilgilendirme \u00f6zelli\u011fine sahip\u00a0<b>olmal\u0131d\u0131r<\/b>. \u00d6rne\u011fin her ya\u015ftan, her e\u011fitim d\u00fczeyinden insana hitap etmeli, herkesin anlayabilece\u011fi \u015fekilde a\u00e7\u0131k\u00a0<b>olmal\u0131d\u0131r<\/b>. Kaliteli ve do\u011fru malzemeyle yap\u0131lm\u0131\u015f\u00a0<b>olmal\u0131<\/b>, yaz\u0131lar silinmemeli ve uzun s\u00fcre kullan\u0131labilmelidir.<\/p>\n\t\t\t\t\t\t\t\t\t\t\t<\/div>\n\t\t\t\t<\/div>\n\t\t\t\t\t\t\t\t\t\t\t\t\t\t<\/div>\n\n\t\t[\/vc_column][vc_column css=&#8221;.vc_custom_1496927688909{padding-top: 20px !important;padding-right: 50px !important;padding-bottom: 10px !important;padding-left: 50px !important;}&#8221; offset=&#8221;vc_col-lg-6 vc_col-md-6&#8243;]\n\t\t<div id=\"wd-627949d436ea0\" class=\"title-wrapper wd-wpb wd-set-mb reset-last-child  wd-rs-627949d436ea0 wd-title-color-default wd-title-style-default text-left  wd-underline-colored\">\n\t\t\t\t\t\t\t\n\t\t\t\t<div class=\"title-subtitle  subtitle-color-default font-default subtitle-style-default wd-font-weight- wd-fontsize-xs\">\u0130LET\u0130\u015e\u0130M FORMU<\/div>\n\t\t\t\n\t\t\t<div class=\"liner-continer\">\n\t\t\t\t<h4 class=\"woodmart-title-container title  wd-font-weight- wd-fontsize-l\" >MERAK ETT\u0130\u011e\u0130N\u0130Z SORULARI FORMUMUZU KULLANARAK \u0130LETEB\u0130L\u0130RS\u0130N\u0130Z<\/h4>\n\t\t\t\t\t\t\t<\/div>\n\t\t\t\n\t\t\t\n\t\t\t\n\t\t<\/div>\n\t\t\n\t\t\n<div class=\"wpcf7 no-js\" id=\"wpcf7-f1938-o1\" lang=\"en-US\" dir=\"ltr\" data-wpcf7-id=\"1938\">\n<div class=\"screen-reader-response\"><p role=\"status\" aria-live=\"polite\" aria-atomic=\"true\"><\/p> <ul><\/ul><\/div>\n<form action=\"\/index.php\/wp-json\/wp\/v2\/pages\/5288#wpcf7-f1938-o1\" method=\"post\" class=\"wpcf7-form init\" aria-label=\"Contact form\" novalidate=\"novalidate\" data-status=\"init\">\n<fieldset class=\"hidden-fields-container\"><input type=\"hidden\" name=\"_wpcf7\" value=\"1938\" \/><input type=\"hidden\" name=\"_wpcf7_version\" value=\"6.1.5\" \/><input type=\"hidden\" name=\"_wpcf7_locale\" value=\"en_US\" \/><input type=\"hidden\" name=\"_wpcf7_unit_tag\" value=\"wpcf7-f1938-o1\" \/><input type=\"hidden\" name=\"_wpcf7_container_post\" value=\"0\" \/><input type=\"hidden\" name=\"_wpcf7_posted_data_hash\" value=\"\" \/>\n<\/fieldset>\n<div class=\"row\">\n\t<p class=\"col-md-6\"><label>Ad\u0131n\u0131z<\/label><span class=\"wpcf7-form-control-wrap\" data-name=\"your-name\"><input size=\"40\" maxlength=\"400\" class=\"wpcf7-form-control wpcf7-text wpcf7-validates-as-required\" aria-required=\"true\" aria-invalid=\"false\" value=\"\" type=\"text\" name=\"your-name\" \/><\/span>\n\t<\/p>\n\t<p class=\"col-md-6\"><label>Eposta Adresiniz<\/label><span class=\"wpcf7-form-control-wrap\" data-name=\"your-email\"><input size=\"40\" maxlength=\"400\" class=\"wpcf7-form-control wpcf7-email wpcf7-validates-as-required wpcf7-text wpcf7-validates-as-email\" aria-required=\"true\" aria-invalid=\"false\" value=\"\" type=\"email\" name=\"your-email\" \/><\/span>\n\t<\/p>\n<\/div>\n<div class=\"row\">\n\t<p class=\"col-md-6\"><label>Telefon Numaran\u0131z<\/label><span class=\"wpcf7-form-control-wrap\" data-name=\"tel-767\"><input size=\"40\" maxlength=\"400\" class=\"wpcf7-form-control wpcf7-tel wpcf7-text wpcf7-validates-as-tel\" aria-invalid=\"false\" value=\"\" type=\"tel\" name=\"tel-767\" \/><\/span>\n\t<\/p>\n\t<p class=\"col-md-6\"><label>\u015eirketiniz<\/label><span class=\"wpcf7-form-control-wrap\" data-name=\"text-1\"><input size=\"40\" maxlength=\"400\" class=\"wpcf7-form-control wpcf7-text\" aria-invalid=\"false\" value=\"\" type=\"text\" name=\"text-1\" \/><\/span>\n\t<\/p>\n<\/div>\n<p><label>Mesaj\u0131n\u0131z<\/label><span class=\"wpcf7-form-control-wrap\" data-name=\"your-message\"><textarea cols=\"40\" rows=\"10\" maxlength=\"2000\" class=\"wpcf7-form-control wpcf7-textarea\" aria-invalid=\"false\" name=\"your-message\"><\/textarea><\/span>\n<\/p>\n<p><input class=\"wpcf7-form-control wpcf7-submit has-spinner btn-color-black\" type=\"submit\" value=\"G\u00d6NDER\" \/>\n<\/p><div class=\"wpcf7-response-output\" aria-hidden=\"true\"><\/div>\n<\/form>\n<\/div>\n[\/vc_column][\/vc_row]<\/p>\n<\/div>","protected":false},"excerpt":{"rendered":"<p>[vc_row full_width=&#8221;stretch_row_content_no_spaces&#8221; css_animation=&#8221;none&#8221; css=&#8221;.vc_custom_1635871490467{margin-top: -40px !important;margin-bottom: 80px !important;}&#8221; woodmart_css_id=&#8221;61816afa77f62&#8243; responsive_spacing=&#8221;eyJwYXJhbV90eXBlIjoid29vZG1hcnRfcmVzcG9uc2l2ZV9zcGFjaW5nIiwic2VsZWN0b3JfaWQiOiI2MTgxNmFmYTc3ZjYyIiwic2hvcnRjb2RlIjoidmNfcm93IiwiZGF0YSI6eyJ0YWJsZXQiOnsibWFyZ2luLWJvdHRvbSI6IjYwIn0sIm1vYmlsZSI6e319fQ==&#8221; mobile_bg_img_hidden=&#8221;no&#8221; tablet_bg_img_hidden=&#8221;no&#8221; woodmart_parallax=&#8221;0&#8243; woodmart_gradient_switch=&#8221;no&#8221; woodmart_box_shadow=&#8221;no&#8221; wd_z_index=&#8221;no&#8221; woodmart_disable_overflow=&#8221;0&#8243; row_reverse_mobile=&#8221;0&#8243; row_reverse_tablet=&#8221;0&#8243;][vc_column][\/vc_column][\/vc_row][vc_row equal_height=&#8221;yes&#8221;<\/p>\n","protected":false},"author":1,"featured_media":0,"parent":0,"menu_order":0,"comment_status":"closed","ping_status":"closed","template":"","meta":{"footnotes":""},"class_list":["post-5288","page","type-page","status-publish","hentry"],"_links":{"self":[{"href":"https:\/\/isglevhasi.com\/index.php\/wp-json\/wp\/v2\/pages\/5288","targetHints":{"allow":["GET"]}}],"collection":[{"href":"https:\/\/isglevhasi.com\/index.php\/wp-json\/wp\/v2\/pages"}],"about":[{"href":"https:\/\/isglevhasi.com\/index.php\/wp-json\/wp\/v2\/types\/page"}],"author":[{"embeddable":true,"href":"https:\/\/isglevhasi.com\/index.php\/wp-json\/wp\/v2\/users\/1"}],"replies":[{"embeddable":true,"href":"https:\/\/isglevhasi.com\/index.php\/wp-json\/wp\/v2\/comments?post=5288"}],"version-history":[{"count":1,"href":"https:\/\/isglevhasi.com\/index.php\/wp-json\/wp\/v2\/pages\/5288\/revisions"}],"predecessor-version":[{"id":7694,"href":"https:\/\/isglevhasi.com\/index.php\/wp-json\/wp\/v2\/pages\/5288\/revisions\/7694"}],"wp:attachment":[{"href":"https:\/\/isglevhasi.com\/index.php\/wp-json\/wp\/v2\/media?parent=5288"}],"curies":[{"name":"wp","href":"https:\/\/api.w.org\/{rel}","templated":true}]}}