{"id":7426,"date":"2022-05-08T15:37:30","date_gmt":"2022-05-08T12:37:30","guid":{"rendered":"https:\/\/isglevhasi.com\/?post_type=product&#038;p=7426"},"modified":"2022-05-08T15:40:59","modified_gmt":"2022-05-08T12:40:59","slug":"yuksek-voltaj","status":"publish","type":"product","link":"https:\/\/isglevhasi.com\/index.php\/urun\/yuksek-voltaj\/","title":{"rendered":"Y\u00fcksek Voltaj"},"content":{"rendered":"<p>\u00dcr\u00fcn\u00fcn ilk a\u00e7\u0131l\u0131\u015fta verilen fiyat\u0131. en d\u00fc\u015f\u00fck ve en y\u00fcksek fiyat aral\u0131\u011f\u0131d\u0131r. Ebat ve malzeme se\u00e7erek net fiyat\u0131 g\u00f6rebilirsiniz.<\/p>\n<p><strong>LEVHALARIN G\u00d6R\u00dc\u015e MESAFES\u0130<\/strong><\/p>\n<p>Altta g\u00f6r\u00fclen \u00e7izelgede i\u015fyerinize, fabrikan\u0131za, deponuza \u00e7al\u0131\u015fma mekan\u0131n\u0131za levhalar\u0131n Sa\u011fl\u0131k ve G\u00fcvenlik \u0130\u015faretleri Y\u00f6netmeli\u011fine g\u00f6re hesaplanm\u0131\u015f olan uygun mesafelerde g\u00f6r\u00fclebilirlik uzakl\u0131klar\u0131n\u0131 Levha se\u00e7iminde size yard\u0131mc\u0131 olmas\u0131 i\u00e7in yakla\u015f\u0131k de\u011ferler olarak verilmi\u015ftir ancak levhan\u0131n boyutu, i\u00e7erdi\u011fi yaz\u0131 veya sembollerin azl\u0131\u011f\u0131 veya \u00e7oklu\u011fu g\u00f6z \u00f6n\u00fcne alarak levha se\u00e7imi yap\u0131lmal\u0131d\u0131r.<\/p>\n<p><img loading=\"lazy\" decoding=\"async\" class=\"alignnone wp-image-7139 size-full\" src=\"https:\/\/isglevhasi.com\/wp-content\/uploads\/2022\/05\/isg-levha-gorus-mesafesi.webp\" alt=\"\" width=\"1000\" height=\"321\" srcset=\"https:\/\/isglevhasi.com\/wp-content\/uploads\/2022\/05\/isg-levha-gorus-mesafesi.webp 1000w, https:\/\/isglevhasi.com\/wp-content\/uploads\/2022\/05\/isg-levha-gorus-mesafesi-430x138.webp 430w, https:\/\/isglevhasi.com\/wp-content\/uploads\/2022\/05\/isg-levha-gorus-mesafesi-150x48.webp 150w, https:\/\/isglevhasi.com\/wp-content\/uploads\/2022\/05\/isg-levha-gorus-mesafesi-700x225.webp 700w, https:\/\/isglevhasi.com\/wp-content\/uploads\/2022\/05\/isg-levha-gorus-mesafesi-400x128.webp 400w, https:\/\/isglevhasi.com\/wp-content\/uploads\/2022\/05\/isg-levha-gorus-mesafesi-768x247.webp 768w, https:\/\/isglevhasi.com\/wp-content\/uploads\/2022\/05\/isg-levha-gorus-mesafesi-860x276.webp 860w\" sizes=\"auto, (max-width: 1000px) 100vw, 1000px\" \/><\/p>\n<p>&nbsp;<\/p>\n<h4><strong>D\u0130KKAT<\/strong>: \u0130\u015f g\u00fcvenli\u011fi levhalar\u0131nda se\u00e7im yaparken l\u00fctfen a\u015fa\u011f\u0131daki malzeme bilgilerini okuyunuz. Size en uygun olan\u0131 belirleyerek, se\u00e7imlerinizi bu malzeme \u00e7e\u015fitlerine g\u00f6re belirleyiniz.<\/h4>\n<h4>Dekota \u0130\u015f g\u00fcvenli\u011fi Levhalar\u0131<\/h4>\n<p>Firmam\u0131zda en \u00e7ok sat\u0131lan levha malzemesidir. Di\u011fer levha malzeme \u00e7e\u015fitlerine g\u00f6re daha kal\u0131n (3mm) bir yap\u0131ya sahiptir. Bu \u00f6zelli\u011fi ile levha g\u00f6rselli\u011fi di\u011fer levhalara g\u00f6re daha iyidir. \u00c7ok hafif olu\u015fu , montaj kolayl\u0131\u011f\u0131 sa\u011flar. Silikonla dahi montaj uygulanabilmesi yap\u0131lmaktad\u0131r. Kaliteli \u00e7ift tarafl\u0131 bant ile de montaj uygulamas\u0131 yap\u0131labilir. D\u0131\u015f mekanlarda rahatl\u0131kla kullan\u0131labilir olu\u015fu, paslanmayan yap\u0131s\u0131, g\u00fcne\u015f ve ya\u011fmurda etkilenmeyen malzeme \u00f6zelli\u011fi sayesinde, en \u00e7ok sat\u0131lan malzeme \u00e7e\u015fidi oldu\u011funu ispatlamaktad\u0131r. T\u00fcm bu \u00f6zelliklere sahip olmas\u0131na ra\u011fmen fiyat\u0131 olduk\u00e7a ekonomik bir levha malzememizdir.<\/p>\n<h4>Galvaniz Sac \u0130\u015f G\u00fcvenli\u011fi Levhalar\u0131<\/h4>\n<p>Galvaniz sac levhalar\u0131m\u0131z 0.50mm kal\u0131nl\u0131\u011f\u0131nda bir levha malzememizdir. Paslanmalara kar\u015f\u0131 olduk\u00e7a dayan\u0131kl\u0131 ve sa\u011flam olan galvaniz sac levham\u0131z 7-8 y\u0131l paslanmaya kar\u015f\u0131 garantimiz alt\u0131ndad\u0131r. \u00d6zellikle d\u0131\u015f mekan i\u00e7in \u00f6nere bilece\u011fimiz bir levha malzememizdir. \u00c7arpmalara kar\u015f\u0131 olduk\u00e7a dayan\u0131kl\u0131 olan galvaniz sac levham\u0131z bu \u00f6zelli\u011fi sayesinde \u00f6n plana \u00e7\u0131km\u0131\u015f bir malzeme \u00e7e\u015fidimizdir. Montaj uygulamas\u0131 di\u011fer levha malzeme \u00e7e\u015fitlerine g\u00f6re \u00e7ok daha zordur. \u00c7ift tarafl\u0131 bant ve silikon ile uygulama yap\u0131lmad\u0131\u011f\u0131nda sadece d\u00fcbel ve c\u0131vata ile montaj uygulamas\u0131 yap\u0131lmas\u0131 tavsiye edilir. Galvaniz sac levha \u00fczerindeki i\u015f g\u00fcvenli\u011fi yaz\u0131 ve i\u015faretleri dijital bask\u0131 veya serigraf tekni\u011fi ile \u00fcretilmektedir.<\/p>\n<h4>Sticker Etiket \u0130\u015f G\u00fcvenli\u011fi Levhalar\u0131<\/h4>\n<p>Sticker etiket levha genellikle d\u00fcz zemin ve cam gibi p\u00fcr\u00fczs\u00fcz y\u00fczeylerde kullan\u0131lan uygun bir malzeme \u00e7e\u015fidimizdir. Yap\u0131\u015ft\u0131rma \u00f6zelli\u011fi y\u00fcksek olan folyo \u00fczerine dijital bask\u0131 tekni\u011fi uygulanarak imal edilmi\u015ftir. Kendinden yap\u0131\u015fkan \u00f6zelli\u011fi sayesinde farkl\u0131 bir malzeme kullanmadan uygulanabilir.<\/p>\n","protected":false},"excerpt":{"rendered":"<p><strong>Yukar\u0131da g\u00f6rm\u00fc\u015f oldu\u011funuz fiyat aral\u0131\u011f\u0131d\u0131r; \u00dcr\u00fcn malzemesi ve ebat\u0131n\u0131 se\u00e7meniz halinde istedi\u011finiz nitelikteki \u00fcr\u00fcne g\u00f6re KDV dahil fiyat belirlenecektir.<\/strong><br \/>\n\u00dcr\u00fcnlerimizi banka havalesi, kap\u0131da \u00f6deme veya kredi kart\u0131 ile sat\u0131n alabilirsiniz.<br \/>\n<strong>Kredi kart\u0131 \u00f6demelerinizde, d\u00fcnyaca \u00fcnl\u00fc ve g\u00fcvenir \u0130yzico&#8217;nun ortak \u00f6deme mod\u00fcl\u00fcn\u00fc kullanmaktay\u0131z.\u00a0<\/strong><br \/>\n<em>Ki\u015fisel bilgileriniz ve kart verileriniz g\u00fcvencededir.<\/em><\/p>\n","protected":false},"featured_media":7424,"comment_status":"open","ping_status":"closed","template":"","meta":[],"product_brand":[],"product_cat":[87,86],"product_tag":[149,144,147,160,148,145,142,141,140,150,146,143],"class_list":{"0":"post-7426","1":"product","2":"type-product","3":"status-publish","4":"has-post-thumbnail","6":"product_cat-elektrik-levhalari","7":"product_cat-uyari-levhalari","8":"product_tag-cikartma-isg-levhasi","9":"product_tag-dekota-levha","10":"product_tag-dekota-uyari-levhasi","11":"product_tag-elektrik-levhasi","12":"product_tag-folyo-uyari-levhasi","13":"product_tag-galvaniz-sac-levha","14":"product_tag-is-guvenligi","15":"product_tag-is-guvenligi-levhasi","16":"product_tag-isg-levhasi","17":"product_tag-isg-stickeri","18":"product_tag-sac-uyari-levhasi","19":"product_tag-uyari-levhasi","21":"first","22":"instock","23":"shipping-taxable","24":"purchasable","25":"product-type-variable"},"_links":{"self":[{"href":"https:\/\/isglevhasi.com\/index.php\/wp-json\/wp\/v2\/product\/7426","targetHints":{"allow":["GET"]}}],"collection":[{"href":"https:\/\/isglevhasi.com\/index.php\/wp-json\/wp\/v2\/product"}],"about":[{"href":"https:\/\/isglevhasi.com\/index.php\/wp-json\/wp\/v2\/types\/product"}],"replies":[{"embeddable":true,"href":"https:\/\/isglevhasi.com\/index.php\/wp-json\/wp\/v2\/comments?post=7426"}],"wp:featuredmedia":[{"embeddable":true,"href":"https:\/\/isglevhasi.com\/index.php\/wp-json\/wp\/v2\/media\/7424"}],"wp:attachment":[{"href":"https:\/\/isglevhasi.com\/index.php\/wp-json\/wp\/v2\/media?parent=7426"}],"wp:term":[{"taxonomy":"product_brand","embeddable":true,"href":"https:\/\/isglevhasi.com\/index.php\/wp-json\/wp\/v2\/product_brand?post=7426"},{"taxonomy":"product_cat","embeddable":true,"href":"https:\/\/isglevhasi.com\/index.php\/wp-json\/wp\/v2\/product_cat?post=7426"},{"taxonomy":"product_tag","embeddable":true,"href":"https:\/\/isglevhasi.com\/index.php\/wp-json\/wp\/v2\/product_tag?post=7426"}],"curies":[{"name":"wp","href":"https:\/\/api.w.org\/{rel}","templated":true}]}}